{"id":1001,"date":"2019-02-26T14:25:08","date_gmt":"2019-02-26T12:25:08","guid":{"rendered":"https:\/\/divers.testix.eu\/sites-wreck\/"},"modified":"2023-09-22T16:40:07","modified_gmt":"2023-09-22T13:40:07","slug":"sites-wreck-ger","status":"publish","type":"page","link":"https:\/\/www.diversclub-crete.gr\/de\/sites-wreck-ger\/","title":{"rendered":"Messerschmitt Wrack"},"content":{"rendered":"<h1>Messerschmitt Wrack<\/h1>\n<p>Einer der ber\u00fchmtesten Tauchpl\u00e4tze ist das Wrack der <strong>MESSERSCHMITT 109<\/strong>, ein deutsches Jagdflugzeug aus dem Zweiten Weltkrieg, das 800 m vor der K\u00fcste in einer Tiefe von 24 m liegt. Dieses Wrack liegt etwa 18 Meilen von unserer Tauchbasis in Agia Pelagia entfernt und die Bootstour (an Bord der \u201ePetros-Iro\u201c) dauert etwa 60 bis 80 Minuten.<\/p>\n<table class=\"tg\" width=\"300\">\n<tbody>\n<tr>\n<th class=\"tg-kn0u\">Zertifizierte Taucher<\/th>\n<th class=\"tg-o098\"><a href=\"https:\/\/www.diversclub-crete.gr\/de\/tauchkurse\/#open-water-diver\"><span style=\"font-weight: normal;\">Level 1<\/span><\/a><\/th>\n<th class=\"tg-t0da\"><span style=\"font-weight: normal;\"><a href=\"https:\/\/www.diversclub-crete.gr\/de\/tauchkurse\/#advanced-open-water\">Level 2<\/a> oder h\u00f6her<\/span><\/th>\n<\/tr>\n<tr>\n<td class=\"tg-krdq\">Passend f\u00fcr:<\/td>\n<td class=\"tg-o098\" style=\"text-align: center;\">x<\/td>\n<td class=\"tg-t0da\">\n<p style=\"text-align: center;\">\u2713<\/p>\n<\/td>\n<\/tr>\n<tr>\n<td class=\"tg-krdq\">Tiefe:<\/td>\n<td class=\"tg-o098\" style=\"text-align: center;\">x<\/td>\n<td class=\"tg-t0da\" style=\"text-align: center;\">30m<\/td>\n<\/tr>\n<\/tbody>\n<\/table>\n<p>Um diese Reise zu machen, brauchen wir sehr gute Seebedingungen und eine Mindestanzahl von 6 Tauchern. Die Treffpunktzeit in der Tauchbasis f\u00fcr diesen Ausflug ist gegen 09:00 Uhr und die R\u00fcckkehrzeit zur Tauchbasis ist gegen 17:00 Uhr. Dieser spezielle Tauchgang kostet 150\u20ac pro Person und beinhaltet auch Wasser, Erfrischungen und Obst, aber keine Mahlzeit. Taucher k\u00f6nnen den Mini-K\u00fchlschrank und die Kabine des Bootes nutzen, um zus\u00e4tzliche Lebensmittel und Getr\u00e4nke aufzubewahren, die sie auf die Reise mitnehmen m\u00f6chten.<\/p>\n<p>Das Wrack des Messerschmitt-Flugzeugs wird kopf\u00fcber liegend, in mehrere Teile zerbrochen, gefunden. Die Fl\u00fcgel und der Rumpf sind intakt und Sie k\u00f6nnen in das Cockpit sehen. Eines der Maschinengewehre ist deutlich sichtbar und einer der Munitionsg\u00fcrtel liegt auf dem Meeresboden.<\/p>\n<p>Ein Rad ist noch befestigt, das andere liegt wenige Meter vom Wrack entfernt. Das Heck des Flugzeugs wurde beim Aufprall offensichtlich abgeschert, da es etwa 50 m vom Rumpf entfernt in einer etwas tieferen Tiefe von 30 m zu finden ist. Die genaue Ursache des Absturzes muss noch ermittelt werden.<\/p>\n<p>Im Laufe der Jahre hat das Wrack nach und nach eine Pflanzendecke aufgebaut und beherbergt gro\u00dfe Zackenbarsche und Mur\u00e4nen. Die Umgebung des Wracks ist sandig, aber es gibt ein kleines Riff etwa 20 m entfernt in einer Tiefe von 24 m.<\/p>\n<p>Der Tauchplatz wird per GPS lokalisiert, da dort kein Ankerplatz ist und als erster Tauchgang des Tages getaucht wird. Aufgrund der Tiefe und der schwierigen Tauchbedingungen (manchmal schlechte Sicht und Str\u00f6mungen) an diesem Tauchplatz wird er nur erfahrenen Tauchern empfohlen!<\/p>\n<p>Weitere Informationen zu unseren Programmen f\u00fcr zertifizierte Taucher und die M\u00f6glichkeit zur Reservierung finden Sie <a href=\"https:\/\/www.diversclub-crete.gr\/de\/cert-divers-ger\/\">hier<\/a>.<\/p>\n<p>* unsere Tauchpl\u00e4tze: <a href=\"https:\/\/www.diversclub-crete.gr\/de\/sites-elgrecocave-ger\/\">El Greco H\u00f6hle<\/a> \u2013 <a href=\"https:\/\/www.diversclub-crete.gr\/de\/sites-elgrecoreef-ger\/\">El Greco Riff<\/a> \u2013 <a href=\"https:\/\/www.diversclub-crete.gr\/de\/sites-stavros-ger\/\">Stavros Cape<\/a> \u2013 <a href=\"https:\/\/www.diversclub-crete.gr\/de\/sites-dias-rock\/\">Dia\u2019s Rock<\/a> \u2013 <a href=\"https:\/\/www.diversclub-crete.gr\/de\/sites-neptunes-rock\/\">Neptune\u2019s Rock<\/a> \u2013 <a href=\"https:\/\/www.diversclub-crete.gr\/de\/sites-mononaftis-ger\/\">Mononaftis<\/a> \u2013 <a href=\"https:\/\/www.diversclub-crete.gr\/de\/sites-lygaria\/\">Lygaria<\/a> \u2013 <a href=\"https:\/\/www.diversclub-crete.gr\/de\/sites-anchor-ger\/\">Big Anchor<\/a> \u2013 <a href=\"https:\/\/www.diversclub-crete.gr\/de\/sites-bluecave\/\">Blue Cave<\/a> \u2013 <a href=\"https:\/\/www.diversclub-crete.gr\/de\/sites-daedalos-ger\/\">Daedalos<\/a> \u2013 <a href=\"https:\/\/www.diversclub-crete.gr\/de\/sites-shipwrecks\/\">Schiffswracks<\/a> \u2013 <a href=\"https:\/\/www.diversclub-crete.gr\/de\/sites-wreck-ger\/\">Messerschmitt Wrack<\/a><\/p>\n<div id='gallery-1' class='gallery galleryid-1001 gallery-columns-3 gallery-size-medium'><figure class='gallery-item'>\n\t\t\t<div class='gallery-icon landscape'>\n\t\t\t\t<a href='https:\/\/www.diversclub-crete.gr\/wp-content\/uploads\/2021\/02\/messerschmitt-02-1200X900.jpg'><img decoding=\"async\" width=\"445\" height=\"334\" src=\"https:\/\/www.diversclub-crete.gr\/wp-content\/uploads\/2021\/02\/messerschmitt-02-1200X900-445x334.jpg\" class=\"attachment-medium size-medium\" alt=\"scuba diving at messerschmidt wreck in crete\" srcset=\"https:\/\/www.diversclub-crete.gr\/wp-content\/uploads\/2021\/02\/messerschmitt-02-1200X900-445x334.jpg 445w, https:\/\/www.diversclub-crete.gr\/wp-content\/uploads\/2021\/02\/messerschmitt-02-1200X900-891x668.jpg 891w, https:\/\/www.diversclub-crete.gr\/wp-content\/uploads\/2021\/02\/messerschmitt-02-1200X900-768x576.jpg 768w, https:\/\/www.diversclub-crete.gr\/wp-content\/uploads\/2021\/02\/messerschmitt-02-1200X900.jpg 1200w\" sizes=\"(max-width: 445px) 100vw, 445px\" \/><\/a>\n\t\t\t<\/div><\/figure><figure class='gallery-item'>\n\t\t\t<div class='gallery-icon landscape'>\n\t\t\t\t<a href='https:\/\/www.diversclub-crete.gr\/wp-content\/uploads\/2021\/02\/messerschmitt-03-1200X900.jpg'><img decoding=\"async\" width=\"445\" height=\"334\" src=\"https:\/\/www.diversclub-crete.gr\/wp-content\/uploads\/2021\/02\/messerschmitt-03-1200X900-445x334.jpg\" class=\"attachment-medium size-medium\" alt=\"scuba diving at messerschmidt wreck in crete\" srcset=\"https:\/\/www.diversclub-crete.gr\/wp-content\/uploads\/2021\/02\/messerschmitt-03-1200X900-445x334.jpg 445w, https:\/\/www.diversclub-crete.gr\/wp-content\/uploads\/2021\/02\/messerschmitt-03-1200X900-891x668.jpg 891w, https:\/\/www.diversclub-crete.gr\/wp-content\/uploads\/2021\/02\/messerschmitt-03-1200X900-768x576.jpg 768w, https:\/\/www.diversclub-crete.gr\/wp-content\/uploads\/2021\/02\/messerschmitt-03-1200X900.jpg 1200w\" sizes=\"(max-width: 445px) 100vw, 445px\" \/><\/a>\n\t\t\t<\/div><\/figure><figure class='gallery-item'>\n\t\t\t<div class='gallery-icon landscape'>\n\t\t\t\t<a href='https:\/\/www.diversclub-crete.gr\/wp-content\/uploads\/2021\/02\/messerschmitt-04-1200X900.jpg'><img decoding=\"async\" width=\"445\" height=\"334\" src=\"https:\/\/www.diversclub-crete.gr\/wp-content\/uploads\/2021\/02\/messerschmitt-04-1200X900-445x334.jpg\" class=\"attachment-medium size-medium\" alt=\"scuba diving at messerschmidt wreck in crete\" srcset=\"https:\/\/www.diversclub-crete.gr\/wp-content\/uploads\/2021\/02\/messerschmitt-04-1200X900-445x334.jpg 445w, https:\/\/www.diversclub-crete.gr\/wp-content\/uploads\/2021\/02\/messerschmitt-04-1200X900-891x668.jpg 891w, https:\/\/www.diversclub-crete.gr\/wp-content\/uploads\/2021\/02\/messerschmitt-04-1200X900-768x576.jpg 768w, https:\/\/www.diversclub-crete.gr\/wp-content\/uploads\/2021\/02\/messerschmitt-04-1200X900.jpg 1200w\" sizes=\"(max-width: 445px) 100vw, 445px\" \/><\/a>\n\t\t\t<\/div><\/figure>\n\t\t<\/div>\n\n","protected":false},"excerpt":{"rendered":"<p>Messerschmitt Wrack Einer der ber\u00fchmtesten Tauchpl\u00e4tze ist das Wrack der MESSERSCHMITT 109, ein deutsches Jagdflugzeug aus dem Zweiten Weltkrieg, das 800 m vor der K\u00fcste in einer Tiefe von 24 m liegt. Dieses Wrack liegt etwa 18 Meilen von unserer Tauchbasis in Agia Pelagia entfernt und die Bootstour (an Bord der \u201ePetros-Iro\u201c) dauert etwa 60 &#8230; <a title=\"Messerschmitt Wrack\" class=\"read-more\" href=\"https:\/\/www.diversclub-crete.gr\/de\/sites-wreck-ger\/\" aria-label=\"Read more about Messerschmitt Wrack\">Read more<\/a><\/p>\n","protected":false},"author":2,"featured_media":0,"parent":0,"menu_order":0,"comment_status":"closed","ping_status":"closed","template":"","meta":{"footnotes":""},"class_list":["post-1001","page","type-page","status-publish"],"_links":{"self":[{"href":"https:\/\/www.diversclub-crete.gr\/de\/wp-json\/wp\/v2\/pages\/1001","targetHints":{"allow":["GET"]}}],"collection":[{"href":"https:\/\/www.diversclub-crete.gr\/de\/wp-json\/wp\/v2\/pages"}],"about":[{"href":"https:\/\/www.diversclub-crete.gr\/de\/wp-json\/wp\/v2\/types\/page"}],"author":[{"embeddable":true,"href":"https:\/\/www.diversclub-crete.gr\/de\/wp-json\/wp\/v2\/users\/2"}],"replies":[{"embeddable":true,"href":"https:\/\/www.diversclub-crete.gr\/de\/wp-json\/wp\/v2\/comments?post=1001"}],"version-history":[{"count":0,"href":"https:\/\/www.diversclub-crete.gr\/de\/wp-json\/wp\/v2\/pages\/1001\/revisions"}],"wp:attachment":[{"href":"https:\/\/www.diversclub-crete.gr\/de\/wp-json\/wp\/v2\/media?parent=1001"}],"curies":[{"name":"wp","href":"https:\/\/api.w.org\/{rel}","templated":true}]}}